{"id":228937,"date":"2024-08-13T10:49:57","date_gmt":"2024-08-13T14:49:57","guid":{"rendered":"https:\/\/canolainfo.6pdev.ca\/?page_id=228937"},"modified":"2025-01-14T12:21:53","modified_gmt":"2025-01-14T17:21:53","slug":"sostenibilidad","status":"publish","type":"page","link":"https:\/\/canolainfo.org\/es\/sostenibilidad\/","title":{"rendered":"Sostenibilidad"},"content":{"rendered":"<p>[et_pb_section fb_built=&#8221;1&#8243; _builder_version=&#8221;4.27.0&#8243; _module_preset=&#8221;bfb76107-59dc-4316-9467-91add402b976&#8243; background_image=&#8221;https:\/\/canolainfo.org\/wp-content\/uploads\/2024\/11\/sustainability_Hero_1920x800_v2.jpg&#8221; global_colors_info=&#8221;{}&#8221;][\/et_pb_section][et_pb_section fb_built=&#8221;1&#8243; _builder_version=&#8221;4.27.0&#8243; _module_preset=&#8221;default&#8221; custom_margin=&#8221;-1px||||false|false&#8221; custom_margin_tablet=&#8221;&#8221; custom_margin_phone=&#8221;&#8221; custom_margin_last_edited=&#8221;on|tablet&#8221; custom_padding=&#8221;0px||0px||false|false&#8221; global_colors_info=&#8221;{}&#8221;][et_pb_row _builder_version=&#8221;4.27.0&#8243; _module_preset=&#8221;bdef5e86-7abc-484d-9143-8261187ba92f&#8221; custom_padding=&#8221;0px||15px||false|false&#8221; global_colors_info=&#8221;{}&#8221;][et_pb_column type=&#8221;4_4&#8243; _builder_version=&#8221;4.27.0&#8243; _module_preset=&#8221;default&#8221; global_colors_info=&#8221;{}&#8221;][et_pb_text _builder_version=&#8221;4.27.0&#8243; _module_preset=&#8221;default&#8221; header_font=&#8221;|700|||||||&#8221; header_text_align=&#8221;center&#8221; header_text_color=&#8221;#FFC20E&#8221; header_font_size=&#8221;90px&#8221; custom_margin=&#8221;||0px||false|false&#8221; custom_margin_tablet=&#8221;100px||0px||false|false&#8221; custom_margin_phone=&#8221;50px||||false|false&#8221; custom_margin_last_edited=&#8221;off|desktop&#8221; header_font_size_tablet=&#8221;45px&#8221; header_font_size_phone=&#8221;45px&#8221; header_font_size_last_edited=&#8221;on|tablet&#8221; locked=&#8221;off&#8221; global_colors_info=&#8221;{}&#8221;]<\/p>\n<h1>Cultivo de Canola<\/h1>\n<p>[\/et_pb_text][et_pb_text _builder_version=&#8221;4.27.0&#8243; _module_preset=&#8221;default&#8221; header_2_text_align=&#8221;center&#8221; hover_enabled=&#8221;0&#8243; global_colors_info=&#8221;{}&#8221; sticky_enabled=&#8221;0&#8243;]<\/p>\n<h2>Cuidando la tierra.<\/h2>\n<p>[\/et_pb_text][\/et_pb_column][\/et_pb_row][et_pb_row _builder_version=&#8221;4.27.0&#8243; _module_preset=&#8221;bdef5e86-7abc-484d-9143-8261187ba92f&#8221; global_colors_info=&#8221;{}&#8221;][et_pb_column type=&#8221;4_4&#8243; _builder_version=&#8221;4.27.0&#8243; _module_preset=&#8221;default&#8221; global_colors_info=&#8221;{}&#8221;][et_pb_text _builder_version=&#8221;4.27.0&#8243; _module_preset=&#8221;de0f34fd-1de9-4474-bcb7-a0e09565c89b&#8221; global_colors_info=&#8221;{}&#8221;]Los agricultores de canola se enorgullecen de la forma en que cuidan su recurso m\u00e1s preciado: su tierra. Al adoptar innovaciones de vanguardia, los agricultores producen m\u00e1s canola por acre y, al mismo tiempo, mantienen la superficie cultivable existente. El cultivo de canola tambi\u00e9n ayuda a retener carbono en el suelo y proporciona h\u00e1bitat para una incre\u00edble diversidad de insectos beneficiosos, incluidas las abejas.[\/et_pb_text][\/et_pb_column][\/et_pb_row][\/et_pb_section][et_pb_section fb_built=&#8221;1&#8243; _builder_version=&#8221;4.27.0&#8243; _module_preset=&#8221;default&#8221; global_colors_info=&#8221;{}&#8221;][et_pb_row column_structure=&#8221;1_2,1_2&#8243; make_equal=&#8221;on&#8221; module_class=&#8221;reorder-row&#8221; _builder_version=&#8221;4.27.0&#8243; _module_preset=&#8221;bdef5e86-7abc-484d-9143-8261187ba92f&#8221; custom_css_main_element=&#8221;align-items: center;&#8221; saved_tabs=&#8221;all&#8221; global_colors_info=&#8221;{}&#8221;][et_pb_column type=&#8221;1_2&#8243; module_class=&#8221;reorder-item second reorder-item-last&#8221; _builder_version=&#8221;4.27.0&#8243; _module_preset=&#8221;default&#8221; global_colors_info=&#8221;{}&#8221; custom_css_main_element_last_edited=&#8221;off|desktop&#8221; custom_css_main_element_tablet=&#8221;order: 2;||&#8221; custom_css_main_element_phone=&#8221;order: 2;||&#8221;][et_pb_text _builder_version=&#8221;4.27.0&#8243; _module_preset=&#8221;default&#8221; custom_margin=&#8221;||15px||false|false&#8221; custom_margin_tablet=&#8221;||15px||false|false&#8221; custom_margin_phone=&#8221;||15px||false|false&#8221; custom_margin_last_edited=&#8221;on|phone&#8221; hover_enabled=&#8221;0&#8243; global_colors_info=&#8221;{}&#8221; sticky_enabled=&#8221;0&#8243;]<\/p>\n<h2>Biodiversidad.<\/h2>\n<p>[\/et_pb_text][et_pb_text _builder_version=&#8221;4.27.0&#8243; _module_preset=&#8221;default&#8221; global_colors_info=&#8221;{}&#8221;]Los campos de canola son h\u00e1bitats para una incre\u00edble diversidad de insectos beneficiosos, como abejas, mariposas, ara\u00f1as, avispas y escarabajos. Estos diversos grupos de insectos ayudan a aumentar el rendimiento de los cultivos y proporcionan un control natural de las poblaciones de plagas de insectos. Los agricultores utilizan una amplia gama de herramientas, como la rotaci\u00f3n de cultivos y la exploraci\u00f3n detallada del campo, para proteger a estos valiosos aliados. Las nuevas tecnolog\u00edas, como los tratamientos de semillas, permiten a los agricultores atacar las plagas que da\u00f1an las pl\u00e1ntulas de canola y al mismo tiempo, permiten que los insectos beneficiosos prosperen. Los tratamientos de semillas permanecen en las semillas y no se liberan en forma de polvo en el aire.[\/et_pb_text][\/et_pb_column][et_pb_column type=&#8221;1_2&#8243; module_class=&#8221;reorder-item first&#8221; _builder_version=&#8221;4.27.0&#8243; _module_preset=&#8221;default&#8221; global_colors_info=&#8221;{}&#8221; custom_css_main_element_last_edited=&#8221;off|desktop&#8221; custom_css_main_element_tablet=&#8221;order: 1;||&#8221; custom_css_main_element_phone=&#8221;order: 1;||&#8221;][et_pb_image src=&#8221;https:\/\/canolainfo.org\/wp-content\/uploads\/2024\/08\/Biodiversity_600x400.jpg&#8221; alt=&#8221;Primer plano de una planta con flores de color amarillo brillante y m\u00faltiples capullos, sobre un fondo verde difuminado que resalta los vibrantes detalles de las flores.&#8221; title_text=&#8221;Imagen de la biodiversidad&#8221; align=&#8221;center&#8221; force_fullwidth=&#8221;on&#8221; _builder_version=&#8221;4.27.0&#8243; _module_preset=&#8221;default&#8221; animation_style=&#8221;slide&#8221; animation_direction=&#8221;right&#8221; border_radii=&#8221;on|8px|8px|8px|8px&#8221; global_colors_info=&#8221;{}&#8221;][\/et_pb_image][\/et_pb_column][\/et_pb_row][et_pb_row column_structure=&#8221;1_2,1_2&#8243; make_equal=&#8221;on&#8221; _builder_version=&#8221;4.27.0&#8243; _module_preset=&#8221;bdef5e86-7abc-484d-9143-8261187ba92f&#8221; custom_css_main_element=&#8221;display: flex;||flex-wrap: wrap;&#8221; saved_tabs=&#8221;all&#8221; global_colors_info=&#8221;{}&#8221;][et_pb_column type=&#8221;1_2&#8243; _builder_version=&#8221;4.27.0&#8243; _module_preset=&#8221;default&#8221; custom_css_main_element=&#8221;margin: auto;&#8221; global_colors_info=&#8221;{}&#8221; custom_css_main_element_last_edited=&#8221;on|tablet&#8221; custom_css_main_element_tablet=&#8221;order: 1;&#8221; custom_css_main_element_phone=&#8221;order: 1;&#8221;][et_pb_image src=&#8221;https:\/\/canolainfo.org\/wp-content\/uploads\/2024\/08\/BeesCanola_600x400.jpg&#8221; alt=&#8221;Primer plano de una abeja con alas transl\u00facidas que poliniza una flor de un amarillo intenso, sobre un fondo verde suavemente enfocado, en el que destacan los detalles del cuerpo peludo de la abeja y los delicados p\u00e9talos de la flor.&#8221; title_text=&#8221;Abejas y colza&#8221; align=&#8221;center&#8221; force_fullwidth=&#8221;on&#8221; _builder_version=&#8221;4.27.0&#8243; _module_preset=&#8221;default&#8221; animation_style=&#8221;slide&#8221; animation_direction=&#8221;left&#8221; border_radii=&#8221;on|8px|8px|8px|8px&#8221; global_colors_info=&#8221;{}&#8221;][\/et_pb_image][\/et_pb_column][et_pb_column type=&#8221;1_2&#8243; _builder_version=&#8221;4.27.0&#8243; _module_preset=&#8221;default&#8221; custom_css_main_element=&#8221;margin: auto;&#8221; global_colors_info=&#8221;{}&#8221; custom_css_main_element_last_edited=&#8221;on|tablet&#8221; custom_css_main_element_tablet=&#8221;order: 2;&#8221; custom_css_main_element_phone=&#8221;order: 2;&#8221;][et_pb_text _builder_version=&#8221;4.27.0&#8243; _module_preset=&#8221;default&#8221; custom_margin=&#8221;||15px||false|false&#8221; hover_enabled=&#8221;0&#8243; global_colors_info=&#8221;{}&#8221; sticky_enabled=&#8221;0&#8243;]<\/p>\n<h2>Las abejas y la canola: Una dulce relaci\u00f3n.<\/h2>\n<p>[\/et_pb_text][et_pb_text ol_position=&#8221;outside&#8221; ol_item_indent=&#8221;25px&#8221; _builder_version=&#8221;4.27.0&#8243; _module_preset=&#8221;default&#8221; hover_enabled=&#8221;0&#8243; global_colors_info=&#8221;{}&#8221; sticky_enabled=&#8221;0&#8243;]<\/p>\n<p>Las abejas se sienten atra\u00eddas por las flores de canola de color amarillo brillante. El polen de las flores es un alimento ideal para las abejas, mientras que el n\u00e9ctar de canola proporciona una fuente de az\u00facar para la producci\u00f3n de miel. La miel de canola tiene un sabor suave y un color claro deseables.<\/p>\n<p>Las abejas, por otro lado, pueden tener un impacto positivo en la producci\u00f3n de canola, ayudando a mejorar los rendimientos. Los agricultores de canola trabajan en estrecha colaboraci\u00f3n con los apicultores para proteger a las abejas y esta relaci\u00f3n es mutuamente beneficiosa. A lo largo de varias d\u00e9cadas, la cantidad de acres sembrados con canola y colonias de abejas han compartido un aumento lineal en n\u00fameros.<\/p>\n<p>[\/et_pb_text][\/et_pb_column][\/et_pb_row][et_pb_row column_structure=&#8221;1_2,1_2&#8243; make_equal=&#8221;on&#8221; module_class=&#8221;reorder-row&#8221; _builder_version=&#8221;4.27.0&#8243; _module_preset=&#8221;bdef5e86-7abc-484d-9143-8261187ba92f&#8221; custom_margin=&#8221;||||false|false&#8221; custom_margin_tablet=&#8221;||||false|false&#8221; custom_margin_phone=&#8221;30px||||false|false&#8221; custom_margin_last_edited=&#8221;off|desktop&#8221; custom_css_main_element=&#8221;align-items:center;&#8221; saved_tabs=&#8221;all&#8221; global_colors_info=&#8221;{}&#8221;][et_pb_column type=&#8221;1_2&#8243; module_class=&#8221;reorder-item second reorder-item-last&#8221; _builder_version=&#8221;4.27.0&#8243; _module_preset=&#8221;default&#8221; global_colors_info=&#8221;{}&#8221; custom_css_main_element_last_edited=&#8221;off|desktop&#8221; custom_css_main_element_tablet=&#8221;order: 2;||&#8221; custom_css_main_element_phone=&#8221;order: 2;||&#8221;][et_pb_text _builder_version=&#8221;4.27.0&#8243; _module_preset=&#8221;default&#8221; custom_margin=&#8221;||15px||false|false&#8221; custom_margin_tablet=&#8221;||15px||false|false&#8221; custom_margin_phone=&#8221;||15px||false|false&#8221; custom_margin_last_edited=&#8221;on|phone&#8221; hover_enabled=&#8221;0&#8243; global_colors_info=&#8221;{}&#8221; sticky_enabled=&#8221;0&#8243;]<\/p>\n<h2>Enfriamiento de la Tierra.<\/h2>\n<p>[\/et_pb_text][et_pb_text _builder_version=&#8221;4.27.0&#8243; _module_preset=&#8221;default&#8221; global_colors_info=&#8221;{}&#8221;]Las flores de color amarillo brillante de la canola crean un dosel que proporciona un importante efecto refrescante al reflejar la luz solar lejos de la tierra.[\/et_pb_text][\/et_pb_column][et_pb_column type=&#8221;1_2&#8243; module_class=&#8221;reorder-item first&#8221; _builder_version=&#8221;4.27.0&#8243; _module_preset=&#8221;default&#8221; global_colors_info=&#8221;{}&#8221; custom_css_main_element_last_edited=&#8221;off|desktop&#8221; custom_css_main_element_tablet=&#8221;order: 1;&#8221; custom_css_main_element_phone=&#8221;order: 1;&#8221;][et_pb_image src=&#8221;https:\/\/canolainfo.org\/wp-content\/uploads\/2024\/08\/CoolingEarth_600x400.jpg&#8221; alt=&#8221;Un paisaje vibrante con exuberante hierba verde en la zona inferior y plantas con flores de color amarillo brillante en la zona superior, separadas por una serie de postes de valla de madera unidos por alambre, bajo un cielo azul despejado.&#8221; title_text=&#8221;Enfriar la Tierra &#8221; align=&#8221;center&#8221; force_fullwidth=&#8221;on&#8221; _builder_version=&#8221;4.27.0&#8243; _module_preset=&#8221;default&#8221; animation_style=&#8221;slide&#8221; animation_direction=&#8221;right&#8221; border_radii=&#8221;on|8px|8px|8px|8px&#8221; global_colors_info=&#8221;{}&#8221;][\/et_pb_image][\/et_pb_column][\/et_pb_row][et_pb_row column_structure=&#8221;1_2,1_2&#8243; make_equal=&#8221;on&#8221; _builder_version=&#8221;4.27.0&#8243; _module_preset=&#8221;bdef5e86-7abc-484d-9143-8261187ba92f&#8221; custom_css_main_element=&#8221;display: flex;||flex-wrap: wrap;&#8221; global_colors_info=&#8221;{}&#8221;][et_pb_column type=&#8221;1_2&#8243; _builder_version=&#8221;4.27.0&#8243; _module_preset=&#8221;default&#8221; custom_css_main_element=&#8221;margin: auto;&#8221; global_colors_info=&#8221;{}&#8221; custom_css_main_element_last_edited=&#8221;on|tablet&#8221; custom_css_main_element_tablet=&#8221;order: 1;&#8221; custom_css_main_element_phone=&#8221;order: 1;&#8221;][et_pb_image src=&#8221;https:\/\/canolainfo.org\/wp-content\/uploads\/2024\/08\/FarmingPractice_600x400.jpg&#8221; alt=&#8221;Primer plano de dos manos que sostienen un terr\u00f3n de tierra con trozos de material vegetal, destacando la calidad y composici\u00f3n del suelo, relevante para la agricultura, la jardiner\u00eda o las ciencias medioambientales.&#8221; title_text=&#8221;Pr\u00e1cticas de cultivo de la colza &#8221; align=&#8221;center&#8221; force_fullwidth=&#8221;on&#8221; _builder_version=&#8221;4.27.0&#8243; _module_preset=&#8221;default&#8221; animation_style=&#8221;slide&#8221; animation_direction=&#8221;left&#8221; border_radii=&#8221;on|8px|8px|8px|8px&#8221; global_colors_info=&#8221;{}&#8221;][\/et_pb_image][\/et_pb_column][et_pb_column type=&#8221;1_2&#8243; _builder_version=&#8221;4.27.0&#8243; _module_preset=&#8221;default&#8221; custom_css_main_element=&#8221;margin: auto;&#8221; global_colors_info=&#8221;{}&#8221; custom_css_main_element_last_edited=&#8221;on|tablet&#8221; custom_css_main_element_tablet=&#8221;order: 2;&#8221; custom_css_main_element_phone=&#8221;order: 2;&#8221;][et_pb_text _builder_version=&#8221;4.27.0&#8243; _module_preset=&#8221;default&#8221; custom_margin=&#8221;||15px||false|false&#8221; hover_enabled=&#8221;0&#8243; global_colors_info=&#8221;{}&#8221; sticky_enabled=&#8221;0&#8243;]<\/p>\n<h2>Las pr\u00e1cticas de cultivo de canola ayudan a reducir las emisiones de gases de efecto invernadero.<\/h2>\n<p>[\/et_pb_text][et_pb_text ol_position=&#8221;outside&#8221; ol_item_indent=&#8221;25px&#8221; _builder_version=&#8221;4.27.0&#8243; _module_preset=&#8221;default&#8221; global_colors_info=&#8221;{}&#8221;]<\/p>\n<p>Uno de los mayores desaf\u00edos en el cultivo de canola es la competencia de las malezas. Los agricultores sol\u00edan eliminar las malezas labrando el suelo, lo que provocaba p\u00e9rdida de humedad y erosi\u00f3n. Las variedades de canola que son tolerantes a los herbicidas han ayudado a los agricultores a prescindir de la labranza y utilizar cantidades m\u00e1s peque\u00f1as de herbicida para controlar las malezas. Al no labrar la tierra, los agricultores realizan menos pasadas por sus campos con tractores y otros equipos, lo que reduce las emisiones de combustible y de gases de efecto invernadero, al mismo tiempo, mejora la salud del suelo.<\/p>\n<p>[\/et_pb_text][\/et_pb_column][\/et_pb_row][et_pb_row column_structure=&#8221;1_2,1_2&#8243; make_equal=&#8221;on&#8221; module_class=&#8221;reorder-row&#8221; _builder_version=&#8221;4.27.0&#8243; _module_preset=&#8221;bdef5e86-7abc-484d-9143-8261187ba92f&#8221; custom_margin=&#8221;||||false|false&#8221; custom_margin_tablet=&#8221;||||false|false&#8221; custom_margin_phone=&#8221;30px||||false|false&#8221; custom_margin_last_edited=&#8221;off|tablet&#8221; custom_css_main_element=&#8221;align-items:center;&#8221; saved_tabs=&#8221;all&#8221; global_colors_info=&#8221;{}&#8221;][et_pb_column type=&#8221;1_2&#8243; module_class=&#8221;reorder-item second reorder-item-last&#8221; _builder_version=&#8221;4.27.0&#8243; _module_preset=&#8221;default&#8221; global_colors_info=&#8221;{}&#8221; custom_css_main_element_last_edited=&#8221;off|desktop&#8221; custom_css_main_element_tablet=&#8221;order: 2;||&#8221; custom_css_main_element_phone=&#8221;order: 2;||&#8221;][et_pb_text _builder_version=&#8221;4.27.0&#8243; _module_preset=&#8221;default&#8221; custom_margin=&#8221;||15px||false|false&#8221; custom_margin_tablet=&#8221;||15px||false|false&#8221; custom_margin_phone=&#8221;||15px||false|false&#8221; custom_margin_last_edited=&#8221;on|phone&#8221; hover_enabled=&#8221;0&#8243; global_colors_info=&#8221;{}&#8221; sticky_enabled=&#8221;0&#8243;]<\/p>\n<h2>Captura de carbono del aire.<\/h2>\n<p>[\/et_pb_text][et_pb_text _builder_version=&#8221;4.27.0&#8243; _module_preset=&#8221;default&#8221; global_colors_info=&#8221;{}&#8221;]Las plantas necesitan di\u00f3xido de carbono para crecer y producir semillas, y a su vez producir ox\u00edgeno, que es necesario para nuestra supervivencia. La canola es particularmente buena para eliminar carbono de la atm\u00f3sfera y almacenarlo bajo tierra porque sus ra\u00edces son m\u00e1s profundas que las de muchos otros cultivos.[\/et_pb_text][\/et_pb_column][et_pb_column type=&#8221;1_2&#8243; module_class=&#8221;reorder-item first&#8221; _builder_version=&#8221;4.27.0&#8243; _module_preset=&#8221;default&#8221; global_colors_info=&#8221;{}&#8221; custom_css_main_element_last_edited=&#8221;off|desktop&#8221; custom_css_main_element_tablet=&#8221;order: 1;&#8221; custom_css_main_element_phone=&#8221;order: 1;&#8221;][et_pb_image src=&#8221;https:\/\/canolainfo.org\/wp-content\/uploads\/2024\/08\/CapturingCarbon_600x400.jpg&#8221; alt=&#8221;Un campo amarillo vibrante de plantas en flor bajo un cielo azul claro, con una l\u00ednea de \u00e1rboles verdes en el lado izquierdo, creando un llamativo contraste entre las flores de color amarillo brillante y el cielo azul profundo.&#8221; title_text=&#8221;Capturar el carbono del aire &#8221; align=&#8221;center&#8221; force_fullwidth=&#8221;on&#8221; _builder_version=&#8221;4.27.0&#8243; _module_preset=&#8221;default&#8221; animation_style=&#8221;slide&#8221; animation_direction=&#8221;right&#8221; border_radii=&#8221;on|8px|8px|8px|8px&#8221; global_colors_info=&#8221;{}&#8221;][\/et_pb_image][\/et_pb_column][\/et_pb_row][\/et_pb_section]<\/p>\n","protected":false},"excerpt":{"rendered":"<p>Cultivo de CanolaCuidando la tierra.Los agricultores de canola se enorgullecen de la forma en que cuidan su recurso m\u00e1s preciado: su tierra. Al adoptar innovaciones de vanguardia, los agricultores producen m\u00e1s canola por acre y, al mismo tiempo, mantienen la superficie cultivable existente. El cultivo de canola tambi\u00e9n ayuda a retener carbono en el suelo [&hellip;]<\/p>\n","protected":false},"author":1,"featured_media":0,"parent":0,"menu_order":0,"comment_status":"closed","ping_status":"closed","template":"","meta":{"_acf_changed":false,"_et_pb_use_builder":"on","_et_pb_old_content":"","_et_gb_content_width":"","_searchwp_excluded":"","footnotes":""},"class_list":["post-228937","page","type-page","status-publish","hentry"],"acf":[],"yoast_head":"<!-- This site is optimized with the Yoast SEO plugin v27.3 - https:\/\/yoast.com\/product\/yoast-seo-wordpress\/ -->\n<title>Sostenibilidad - Canolainfo.org<\/title>\n<meta name=\"robots\" content=\"index, follow, max-snippet:-1, max-image-preview:large, max-video-preview:-1\" \/>\n<link rel=\"canonical\" href=\"https:\/\/canolainfo.org\/es\/sostenibilidad\/\" \/>\n<meta property=\"og:locale\" content=\"es_ES\" \/>\n<meta property=\"og:type\" content=\"article\" \/>\n<meta property=\"og:title\" content=\"Sostenibilidad - Canolainfo.org\" \/>\n<meta property=\"og:description\" content=\"Cultivo de CanolaCuidando la tierra.Los agricultores de canola se enorgullecen de la forma en que cuidan su recurso m\u00e1s preciado: su tierra. Al adoptar innovaciones de vanguardia, los agricultores producen m\u00e1s canola por acre y, al mismo tiempo, mantienen la superficie cultivable existente. El cultivo de canola tambi\u00e9n ayuda a retener carbono en el suelo [&hellip;]\" \/>\n<meta property=\"og:site_name\" content=\"Canolainfo.org\" \/>\n<meta property=\"article:modified_time\" content=\"2025-01-14T17:21:53+00:00\" \/>\n<meta property=\"og:image\" content=\"https:\/\/canolainfo.org\/wp-content\/uploads\/2025\/02\/6P_CCC_CanolaInfo_Social_1200x675_v1.jpg\" \/>\n\t<meta property=\"og:image:width\" content=\"1200\" \/>\n\t<meta property=\"og:image:height\" content=\"675\" \/>\n\t<meta property=\"og:image:type\" content=\"image\/jpeg\" \/>\n<meta name=\"twitter:card\" content=\"summary_large_image\" \/>\n<script type=\"application\/ld+json\" class=\"yoast-schema-graph\">{\"@context\":\"https:\\\/\\\/schema.org\",\"@graph\":[{\"@type\":\"WebPage\",\"@id\":\"https:\\\/\\\/canolainfo.org\\\/es\\\/sostenibilidad\\\/\",\"url\":\"https:\\\/\\\/canolainfo.org\\\/es\\\/sostenibilidad\\\/\",\"name\":\"Sostenibilidad - Canolainfo.org\",\"isPartOf\":{\"@id\":\"https:\\\/\\\/canolainfo.org\\\/es\\\/#website\"},\"datePublished\":\"2024-08-13T14:49:57+00:00\",\"dateModified\":\"2025-01-14T17:21:53+00:00\",\"breadcrumb\":{\"@id\":\"https:\\\/\\\/canolainfo.org\\\/es\\\/sostenibilidad\\\/#breadcrumb\"},\"inLanguage\":\"es\",\"potentialAction\":[{\"@type\":\"ReadAction\",\"target\":[\"https:\\\/\\\/canolainfo.org\\\/es\\\/sostenibilidad\\\/\"]}]},{\"@type\":\"BreadcrumbList\",\"@id\":\"https:\\\/\\\/canolainfo.org\\\/es\\\/sostenibilidad\\\/#breadcrumb\",\"itemListElement\":[{\"@type\":\"ListItem\",\"position\":1,\"name\":\"Home\",\"item\":\"https:\\\/\\\/canolainfo.org\\\/es\\\/\"},{\"@type\":\"ListItem\",\"position\":2,\"name\":\"Sostenibilidad\"}]},{\"@type\":\"WebSite\",\"@id\":\"https:\\\/\\\/canolainfo.org\\\/es\\\/#website\",\"url\":\"https:\\\/\\\/canolainfo.org\\\/es\\\/\",\"name\":\"Canola Info\",\"description\":\"Canola Oil. Good for Every Body!\",\"publisher\":{\"@id\":\"https:\\\/\\\/canolainfo.org\\\/es\\\/#organization\"},\"potentialAction\":[{\"@type\":\"SearchAction\",\"target\":{\"@type\":\"EntryPoint\",\"urlTemplate\":\"https:\\\/\\\/canolainfo.org\\\/es\\\/?s={search_term_string}\"},\"query-input\":{\"@type\":\"PropertyValueSpecification\",\"valueRequired\":true,\"valueName\":\"search_term_string\"}}],\"inLanguage\":\"es\"},{\"@type\":\"Organization\",\"@id\":\"https:\\\/\\\/canolainfo.org\\\/es\\\/#organization\",\"name\":\"Canola Info\",\"url\":\"https:\\\/\\\/canolainfo.org\\\/es\\\/\",\"logo\":{\"@type\":\"ImageObject\",\"inLanguage\":\"es\",\"@id\":\"https:\\\/\\\/canolainfo.org\\\/es\\\/#\\\/schema\\\/logo\\\/image\\\/\",\"url\":\"https:\\\/\\\/canolainfo.org\\\/wp-content\\\/uploads\\\/2024\\\/08\\\/cropped-CCCInfo_Favicon_256x256.png\",\"contentUrl\":\"https:\\\/\\\/canolainfo.org\\\/wp-content\\\/uploads\\\/2024\\\/08\\\/cropped-CCCInfo_Favicon_256x256.png\",\"width\":512,\"height\":512,\"caption\":\"Canola Info\"},\"image\":{\"@id\":\"https:\\\/\\\/canolainfo.org\\\/es\\\/#\\\/schema\\\/logo\\\/image\\\/\"}}]}<\/script>\n<!-- \/ Yoast SEO plugin. -->","yoast_head_json":{"title":"Sostenibilidad - Canolainfo.org","robots":{"index":"index","follow":"follow","max-snippet":"max-snippet:-1","max-image-preview":"max-image-preview:large","max-video-preview":"max-video-preview:-1"},"canonical":"https:\/\/canolainfo.org\/es\/sostenibilidad\/","og_locale":"es_ES","og_type":"article","og_title":"Sostenibilidad - Canolainfo.org","og_description":"Cultivo de CanolaCuidando la tierra.Los agricultores de canola se enorgullecen de la forma en que cuidan su recurso m\u00e1s preciado: su tierra. Al adoptar innovaciones de vanguardia, los agricultores producen m\u00e1s canola por acre y, al mismo tiempo, mantienen la superficie cultivable existente. El cultivo de canola tambi\u00e9n ayuda a retener carbono en el suelo [&hellip;]","og_site_name":"Canolainfo.org","article_modified_time":"2025-01-14T17:21:53+00:00","og_image":[{"width":1200,"height":675,"url":"https:\/\/canolainfo.org\/wp-content\/uploads\/2025\/02\/6P_CCC_CanolaInfo_Social_1200x675_v1.jpg","type":"image\/jpeg"}],"twitter_card":"summary_large_image","schema":{"@context":"https:\/\/schema.org","@graph":[{"@type":"WebPage","@id":"https:\/\/canolainfo.org\/es\/sostenibilidad\/","url":"https:\/\/canolainfo.org\/es\/sostenibilidad\/","name":"Sostenibilidad - Canolainfo.org","isPartOf":{"@id":"https:\/\/canolainfo.org\/es\/#website"},"datePublished":"2024-08-13T14:49:57+00:00","dateModified":"2025-01-14T17:21:53+00:00","breadcrumb":{"@id":"https:\/\/canolainfo.org\/es\/sostenibilidad\/#breadcrumb"},"inLanguage":"es","potentialAction":[{"@type":"ReadAction","target":["https:\/\/canolainfo.org\/es\/sostenibilidad\/"]}]},{"@type":"BreadcrumbList","@id":"https:\/\/canolainfo.org\/es\/sostenibilidad\/#breadcrumb","itemListElement":[{"@type":"ListItem","position":1,"name":"Home","item":"https:\/\/canolainfo.org\/es\/"},{"@type":"ListItem","position":2,"name":"Sostenibilidad"}]},{"@type":"WebSite","@id":"https:\/\/canolainfo.org\/es\/#website","url":"https:\/\/canolainfo.org\/es\/","name":"Canola Info","description":"Canola Oil. Good for Every Body!","publisher":{"@id":"https:\/\/canolainfo.org\/es\/#organization"},"potentialAction":[{"@type":"SearchAction","target":{"@type":"EntryPoint","urlTemplate":"https:\/\/canolainfo.org\/es\/?s={search_term_string}"},"query-input":{"@type":"PropertyValueSpecification","valueRequired":true,"valueName":"search_term_string"}}],"inLanguage":"es"},{"@type":"Organization","@id":"https:\/\/canolainfo.org\/es\/#organization","name":"Canola Info","url":"https:\/\/canolainfo.org\/es\/","logo":{"@type":"ImageObject","inLanguage":"es","@id":"https:\/\/canolainfo.org\/es\/#\/schema\/logo\/image\/","url":"https:\/\/canolainfo.org\/wp-content\/uploads\/2024\/08\/cropped-CCCInfo_Favicon_256x256.png","contentUrl":"https:\/\/canolainfo.org\/wp-content\/uploads\/2024\/08\/cropped-CCCInfo_Favicon_256x256.png","width":512,"height":512,"caption":"Canola Info"},"image":{"@id":"https:\/\/canolainfo.org\/es\/#\/schema\/logo\/image\/"}}]}},"_links":{"self":[{"href":"https:\/\/canolainfo.org\/es\/wp-json\/wp\/v2\/pages\/228937","targetHints":{"allow":["GET"]}}],"collection":[{"href":"https:\/\/canolainfo.org\/es\/wp-json\/wp\/v2\/pages"}],"about":[{"href":"https:\/\/canolainfo.org\/es\/wp-json\/wp\/v2\/types\/page"}],"author":[{"embeddable":true,"href":"https:\/\/canolainfo.org\/es\/wp-json\/wp\/v2\/users\/1"}],"replies":[{"embeddable":true,"href":"https:\/\/canolainfo.org\/es\/wp-json\/wp\/v2\/comments?post=228937"}],"version-history":[{"count":11,"href":"https:\/\/canolainfo.org\/es\/wp-json\/wp\/v2\/pages\/228937\/revisions"}],"predecessor-version":[{"id":230045,"href":"https:\/\/canolainfo.org\/es\/wp-json\/wp\/v2\/pages\/228937\/revisions\/230045"}],"wp:attachment":[{"href":"https:\/\/canolainfo.org\/es\/wp-json\/wp\/v2\/media?parent=228937"}],"curies":[{"name":"wp","href":"https:\/\/api.w.org\/{rel}","templated":true}]}}