{"id":229569,"date":"2024-08-13T10:54:56","date_gmt":"2024-08-13T14:54:56","guid":{"rendered":"https:\/\/canolainfo.6pdev.ca\/contacte-con-nosotros\/"},"modified":"2025-01-14T12:37:20","modified_gmt":"2025-01-14T17:37:20","slug":"sobre-nosotros","status":"publish","type":"page","link":"https:\/\/canolainfo.org\/es\/sobre-nosotros\/","title":{"rendered":"Sobre nosotros"},"content":{"rendered":"<p>[et_pb_section fb_built=&#8221;1&#8243; _builder_version=&#8221;4.27.0&#8243; _module_preset=&#8221;bfb76107-59dc-4316-9467-91add402b976&#8243; background_image=&#8221;https:\/\/canolainfo.org\/wp-content\/uploads\/2024\/08\/Contact_Hero_1920x800.jpg&#8221; global_colors_info=&#8221;{}&#8221;][\/et_pb_section][et_pb_section fb_built=&#8221;1&#8243; _builder_version=&#8221;4.27.0&#8243; _module_preset=&#8221;default&#8221; custom_margin=&#8221;-1px||||false|false&#8221; custom_margin_tablet=&#8221;&#8221; custom_margin_phone=&#8221;&#8221; custom_margin_last_edited=&#8221;on|tablet&#8221; custom_padding=&#8221;0px||||false|false&#8221; global_colors_info=&#8221;{}&#8221;][et_pb_row _builder_version=&#8221;4.27.0&#8243; _module_preset=&#8221;bdef5e86-7abc-484d-9143-8261187ba92f&#8221; custom_padding=&#8221;0px||15px||false|false&#8221; global_colors_info=&#8221;{}&#8221;][et_pb_column type=&#8221;4_4&#8243; _builder_version=&#8221;4.27.0&#8243; _module_preset=&#8221;default&#8221; global_colors_info=&#8221;{}&#8221;][et_pb_text _builder_version=&#8221;4.27.0&#8243; _module_preset=&#8221;default&#8221; header_font=&#8221;|700|||||||&#8221; header_text_align=&#8221;center&#8221; header_text_color=&#8221;#FFC20E&#8221; header_font_size=&#8221;90px&#8221; custom_margin=&#8221;||0px||false|false&#8221; custom_margin_tablet=&#8221;100px||0px||false|false&#8221; custom_margin_phone=&#8221;50px||||false|false&#8221; custom_margin_last_edited=&#8221;off|desktop&#8221; header_font_size_tablet=&#8221;45px&#8221; header_font_size_phone=&#8221;45px&#8221; header_font_size_last_edited=&#8221;on|tablet&#8221; locked=&#8221;off&#8221; global_colors_info=&#8221;{}&#8221;]<\/p>\n<h1>Sobre nosotros<\/h1>\n<p>[\/et_pb_text][\/et_pb_column][\/et_pb_row][\/et_pb_section][et_pb_section fb_built=&#8221;1&#8243; _builder_version=&#8221;4.27.0&#8243; _module_preset=&#8221;3fbb3a66-a12a-488f-b3f8-84c073b7e268&#8243; custom_margin_last_edited=&#8221;off|desktop&#8221; custom_padding=&#8221;30px||30px||true|false&#8221; global_colors_info=&#8221;{}&#8221;][et_pb_row _builder_version=&#8221;4.27.0&#8243; _module_preset=&#8221;bdef5e86-7abc-484d-9143-8261187ba92f&#8221; custom_padding=&#8221;15px||15px||false|false&#8221; global_colors_info=&#8221;{}&#8221;][et_pb_column type=&#8221;4_4&#8243; _builder_version=&#8221;4.27.0&#8243; _module_preset=&#8221;default&#8221; global_colors_info=&#8221;{}&#8221;][et_pb_text _builder_version=&#8221;4.27.0&#8243; _module_preset=&#8221;default&#8221; background_color=&#8221;RGBA(255,255,255,0)&#8221; custom_padding=&#8221;||||true|true&#8221; custom_padding_tablet=&#8221;0px|0px|0px|0px|true|true&#8221; custom_padding_phone=&#8221;0px|0px|0px|0px|true|true&#8221; custom_padding_last_edited=&#8221;off|desktop&#8221; global_colors_info=&#8221;{}&#8221;]<\/p>\n<p><em>CanolaInfo <\/em>es la fuente de informaci\u00f3n sobre el aceite de canola para consumidores, profesionales de la salud, profesionales de la industria alimentaria, medios de comunicaci\u00f3n&#8230; todos los que quieran saber m\u00e1s sobre uno de los aceites m\u00e1s sanos del mundo.<\/p>\n<p>El programa CanolaInfo cuenta con el apoyo de la cadena de valor de la canola de Canad\u00e1, incluidos los cultivadores de canola, los procesadores, las empresas de ciencias de la vida y los exportadores.<\/p>\n<p><strong>CanolaInfo<\/strong><br \/>400 &#8211; 167 Lombard Ave.<br \/>Winnipeg, Manitoba<br \/>Canad\u00e1 R3B 0T6<br \/>Tel\u00e9fono: <a href=\"tel:1-866-479-0853\">1-866-479-0853<\/a><br \/>Correo electr\u00f3nico: <a href=\"mailto:fyi@canolainfo.org\">Haz clic para enviar un correo electr\u00f3nico a CanolaInfo<\/a><\/p>\n<p>[\/et_pb_text][\/et_pb_column][\/et_pb_row][\/et_pb_section]<\/p>\n","protected":false},"excerpt":{"rendered":"<p>Sobre nosotrosCanolaInfo es la fuente de informaci\u00f3n sobre el aceite de canola para consumidores, profesionales de la salud, profesionales de la industria alimentaria, medios de comunicaci\u00f3n&#8230; todos los que quieran saber m\u00e1s sobre uno de los aceites m\u00e1s sanos del mundo. El programa CanolaInfo cuenta con el apoyo de la cadena de valor de la [&hellip;]<\/p>\n","protected":false},"author":1,"featured_media":0,"parent":0,"menu_order":0,"comment_status":"closed","ping_status":"closed","template":"","meta":{"_acf_changed":false,"_et_pb_use_builder":"on","_et_pb_old_content":"","_et_gb_content_width":"","_searchwp_excluded":"","footnotes":""},"class_list":["post-229569","page","type-page","status-publish","hentry"],"acf":[],"yoast_head":"<!-- This site is optimized with the Yoast SEO plugin v27.4 - https:\/\/yoast.com\/product\/yoast-seo-wordpress\/ -->\n<title>Contacto - CanolaInfo<\/title>\n<meta name=\"description\" content=\"Ponte en contacto con CanolaInfo con tus preguntas y comentarios por correo, correo electr\u00f3nico o tel\u00e9fono.\" \/>\n<meta name=\"robots\" content=\"index, follow, max-snippet:-1, max-image-preview:large, max-video-preview:-1\" \/>\n<link rel=\"canonical\" href=\"https:\/\/canolainfo.org\/es\/sobre-nosotros\/\" \/>\n<meta property=\"og:locale\" content=\"es_ES\" \/>\n<meta property=\"og:type\" content=\"article\" \/>\n<meta property=\"og:title\" content=\"Contacto - CanolaInfo\" \/>\n<meta property=\"og:description\" content=\"Ponte en contacto con CanolaInfo con tus preguntas y comentarios por correo, correo electr\u00f3nico o tel\u00e9fono.\" \/>\n<meta property=\"og:site_name\" content=\"Canolainfo.org\" \/>\n<meta property=\"article:modified_time\" content=\"2025-01-14T17:37:20+00:00\" \/>\n<meta property=\"og:image\" content=\"https:\/\/canolainfo.org\/wp-content\/uploads\/2025\/02\/6P_CCC_CanolaInfo_Social_1200x675_v1.jpg\" \/>\n\t<meta property=\"og:image:width\" content=\"1200\" \/>\n\t<meta property=\"og:image:height\" content=\"675\" \/>\n\t<meta property=\"og:image:type\" content=\"image\/jpeg\" \/>\n<meta name=\"twitter:card\" content=\"summary_large_image\" \/>\n<meta name=\"twitter:label1\" content=\"Tiempo de lectura\" \/>\n\t<meta name=\"twitter:data1\" content=\"2 minutos\" \/>\n<script type=\"application\/ld+json\" class=\"yoast-schema-graph\">{\"@context\":\"https:\\\/\\\/schema.org\",\"@graph\":[{\"@type\":\"WebPage\",\"@id\":\"https:\\\/\\\/canolainfo.org\\\/es\\\/sobre-nosotros\\\/\",\"url\":\"https:\\\/\\\/canolainfo.org\\\/es\\\/sobre-nosotros\\\/\",\"name\":\"Contacto - CanolaInfo\",\"isPartOf\":{\"@id\":\"https:\\\/\\\/canolainfo.org\\\/es\\\/#website\"},\"datePublished\":\"2024-08-13T14:54:56+00:00\",\"dateModified\":\"2025-01-14T17:37:20+00:00\",\"description\":\"Ponte en contacto con CanolaInfo con tus preguntas y comentarios por correo, correo electr\u00f3nico o tel\u00e9fono.\",\"breadcrumb\":{\"@id\":\"https:\\\/\\\/canolainfo.org\\\/es\\\/sobre-nosotros\\\/#breadcrumb\"},\"inLanguage\":\"es\",\"potentialAction\":[{\"@type\":\"ReadAction\",\"target\":[\"https:\\\/\\\/canolainfo.org\\\/es\\\/sobre-nosotros\\\/\"]}]},{\"@type\":\"BreadcrumbList\",\"@id\":\"https:\\\/\\\/canolainfo.org\\\/es\\\/sobre-nosotros\\\/#breadcrumb\",\"itemListElement\":[{\"@type\":\"ListItem\",\"position\":1,\"name\":\"Home\",\"item\":\"https:\\\/\\\/canolainfo.org\\\/es\\\/\"},{\"@type\":\"ListItem\",\"position\":2,\"name\":\"Sobre nosotros\"}]},{\"@type\":\"WebSite\",\"@id\":\"https:\\\/\\\/canolainfo.org\\\/es\\\/#website\",\"url\":\"https:\\\/\\\/canolainfo.org\\\/es\\\/\",\"name\":\"Canola Info\",\"description\":\"Canola Oil. Good for Every Body!\",\"publisher\":{\"@id\":\"https:\\\/\\\/canolainfo.org\\\/es\\\/#organization\"},\"potentialAction\":[{\"@type\":\"SearchAction\",\"target\":{\"@type\":\"EntryPoint\",\"urlTemplate\":\"https:\\\/\\\/canolainfo.org\\\/es\\\/?s={search_term_string}\"},\"query-input\":{\"@type\":\"PropertyValueSpecification\",\"valueRequired\":true,\"valueName\":\"search_term_string\"}}],\"inLanguage\":\"es\"},{\"@type\":\"Organization\",\"@id\":\"https:\\\/\\\/canolainfo.org\\\/es\\\/#organization\",\"name\":\"Canola Info\",\"url\":\"https:\\\/\\\/canolainfo.org\\\/es\\\/\",\"logo\":{\"@type\":\"ImageObject\",\"inLanguage\":\"es\",\"@id\":\"https:\\\/\\\/canolainfo.org\\\/es\\\/#\\\/schema\\\/logo\\\/image\\\/\",\"url\":\"https:\\\/\\\/canolainfo.org\\\/wp-content\\\/uploads\\\/2024\\\/08\\\/cropped-CCCInfo_Favicon_256x256.png\",\"contentUrl\":\"https:\\\/\\\/canolainfo.org\\\/wp-content\\\/uploads\\\/2024\\\/08\\\/cropped-CCCInfo_Favicon_256x256.png\",\"width\":512,\"height\":512,\"caption\":\"Canola Info\"},\"image\":{\"@id\":\"https:\\\/\\\/canolainfo.org\\\/es\\\/#\\\/schema\\\/logo\\\/image\\\/\"}}]}<\/script>\n<!-- \/ Yoast SEO plugin. -->","yoast_head_json":{"title":"Contacto - CanolaInfo","description":"Ponte en contacto con CanolaInfo con tus preguntas y comentarios por correo, correo electr\u00f3nico o tel\u00e9fono.","robots":{"index":"index","follow":"follow","max-snippet":"max-snippet:-1","max-image-preview":"max-image-preview:large","max-video-preview":"max-video-preview:-1"},"canonical":"https:\/\/canolainfo.org\/es\/sobre-nosotros\/","og_locale":"es_ES","og_type":"article","og_title":"Contacto - CanolaInfo","og_description":"Ponte en contacto con CanolaInfo con tus preguntas y comentarios por correo, correo electr\u00f3nico o tel\u00e9fono.","og_site_name":"Canolainfo.org","article_modified_time":"2025-01-14T17:37:20+00:00","og_image":[{"width":1200,"height":675,"url":"https:\/\/canolainfo.org\/wp-content\/uploads\/2025\/02\/6P_CCC_CanolaInfo_Social_1200x675_v1.jpg","type":"image\/jpeg"}],"twitter_card":"summary_large_image","twitter_misc":{"Tiempo de lectura":"2 minutos"},"schema":{"@context":"https:\/\/schema.org","@graph":[{"@type":"WebPage","@id":"https:\/\/canolainfo.org\/es\/sobre-nosotros\/","url":"https:\/\/canolainfo.org\/es\/sobre-nosotros\/","name":"Contacto - CanolaInfo","isPartOf":{"@id":"https:\/\/canolainfo.org\/es\/#website"},"datePublished":"2024-08-13T14:54:56+00:00","dateModified":"2025-01-14T17:37:20+00:00","description":"Ponte en contacto con CanolaInfo con tus preguntas y comentarios por correo, correo electr\u00f3nico o tel\u00e9fono.","breadcrumb":{"@id":"https:\/\/canolainfo.org\/es\/sobre-nosotros\/#breadcrumb"},"inLanguage":"es","potentialAction":[{"@type":"ReadAction","target":["https:\/\/canolainfo.org\/es\/sobre-nosotros\/"]}]},{"@type":"BreadcrumbList","@id":"https:\/\/canolainfo.org\/es\/sobre-nosotros\/#breadcrumb","itemListElement":[{"@type":"ListItem","position":1,"name":"Home","item":"https:\/\/canolainfo.org\/es\/"},{"@type":"ListItem","position":2,"name":"Sobre nosotros"}]},{"@type":"WebSite","@id":"https:\/\/canolainfo.org\/es\/#website","url":"https:\/\/canolainfo.org\/es\/","name":"Canola Info","description":"Canola Oil. Good for Every Body!","publisher":{"@id":"https:\/\/canolainfo.org\/es\/#organization"},"potentialAction":[{"@type":"SearchAction","target":{"@type":"EntryPoint","urlTemplate":"https:\/\/canolainfo.org\/es\/?s={search_term_string}"},"query-input":{"@type":"PropertyValueSpecification","valueRequired":true,"valueName":"search_term_string"}}],"inLanguage":"es"},{"@type":"Organization","@id":"https:\/\/canolainfo.org\/es\/#organization","name":"Canola Info","url":"https:\/\/canolainfo.org\/es\/","logo":{"@type":"ImageObject","inLanguage":"es","@id":"https:\/\/canolainfo.org\/es\/#\/schema\/logo\/image\/","url":"https:\/\/canolainfo.org\/wp-content\/uploads\/2024\/08\/cropped-CCCInfo_Favicon_256x256.png","contentUrl":"https:\/\/canolainfo.org\/wp-content\/uploads\/2024\/08\/cropped-CCCInfo_Favicon_256x256.png","width":512,"height":512,"caption":"Canola Info"},"image":{"@id":"https:\/\/canolainfo.org\/es\/#\/schema\/logo\/image\/"}}]}},"_links":{"self":[{"href":"https:\/\/canolainfo.org\/es\/wp-json\/wp\/v2\/pages\/229569","targetHints":{"allow":["GET"]}}],"collection":[{"href":"https:\/\/canolainfo.org\/es\/wp-json\/wp\/v2\/pages"}],"about":[{"href":"https:\/\/canolainfo.org\/es\/wp-json\/wp\/v2\/types\/page"}],"author":[{"embeddable":true,"href":"https:\/\/canolainfo.org\/es\/wp-json\/wp\/v2\/users\/1"}],"replies":[{"embeddable":true,"href":"https:\/\/canolainfo.org\/es\/wp-json\/wp\/v2\/comments?post=229569"}],"version-history":[{"count":7,"href":"https:\/\/canolainfo.org\/es\/wp-json\/wp\/v2\/pages\/229569\/revisions"}],"predecessor-version":[{"id":230051,"href":"https:\/\/canolainfo.org\/es\/wp-json\/wp\/v2\/pages\/229569\/revisions\/230051"}],"wp:attachment":[{"href":"https:\/\/canolainfo.org\/es\/wp-json\/wp\/v2\/media?parent=229569"}],"curies":[{"name":"wp","href":"https:\/\/api.w.org\/{rel}","templated":true}]}}