{"id":229836,"date":"2024-08-13T10:10:08","date_gmt":"2024-08-13T15:10:08","guid":{"rendered":"https:\/\/canolainfo.6pdev.ca\/politica-de-privacidad\/"},"modified":"2025-09-22T07:45:04","modified_gmt":"2025-09-22T12:45:04","slug":"politica-de-privacidad","status":"publish","type":"page","link":"https:\/\/canolainfo.org\/es\/politica-de-privacidad\/","title":{"rendered":"Pol\u00edtica de privacidad"},"content":{"rendered":"<p>[et_pb_section fb_built=&#8221;1&#8243; _builder_version=&#8221;4.27.0&#8243; _module_preset=&#8221;bfb76107-59dc-4316-9467-91add402b976&#8243; background_image=&#8221;https:\/\/canolainfo.org\/wp-content\/uploads\/2024\/08\/Sitemap_Hero_1920x800.jpg&#8221; bottom_divider_color=&#8221;#FFFFFF&#8221; global_colors_info=&#8221;{}&#8221;][\/et_pb_section][et_pb_section fb_built=&#8221;1&#8243; _builder_version=&#8221;4.27.0&#8243; _module_preset=&#8221;3fbb3a66-a12a-488f-b3f8-84c073b7e268&#8243; background_color=&#8221;#FFFFFF&#8221; custom_margin=&#8221;-1px||||false|false&#8221; custom_margin_tablet=&#8221;&#8221; custom_margin_phone=&#8221;&#8221; custom_margin_last_edited=&#8221;on|tablet&#8221; custom_padding=&#8221;0px||0px||false|false&#8221; global_colors_info=&#8221;{}&#8221;][et_pb_row _builder_version=&#8221;4.27.0&#8243; _module_preset=&#8221;bdef5e86-7abc-484d-9143-8261187ba92f&#8221; custom_padding=&#8221;0px||15px||false|false&#8221; global_colors_info=&#8221;{}&#8221;][et_pb_column type=&#8221;4_4&#8243; _builder_version=&#8221;4.27.0&#8243; _module_preset=&#8221;default&#8221; global_colors_info=&#8221;{}&#8221;][et_pb_text _builder_version=&#8221;4.27.0&#8243; _module_preset=&#8221;default&#8221; header_font=&#8221;|700|||||||&#8221; header_text_align=&#8221;center&#8221; header_text_color=&#8221;#FFC20E&#8221; header_font_size=&#8221;90px&#8221; custom_margin=&#8221;||0px||false|false&#8221; custom_margin_tablet=&#8221;100px||0px||false|false&#8221; custom_margin_phone=&#8221;50px||||false|false&#8221; custom_margin_last_edited=&#8221;off|desktop&#8221; header_font_size_tablet=&#8221;45px&#8221; header_font_size_phone=&#8221;45px&#8221; header_font_size_last_edited=&#8221;on|tablet&#8221; locked=&#8221;off&#8221; global_colors_info=&#8221;{}&#8221;]<\/p>\n<h1>Pol\u00edtica de privacidad<\/h1>\n<p>[\/et_pb_text][\/et_pb_column][\/et_pb_row][\/et_pb_section][et_pb_section fb_built=&#8221;1&#8243; _builder_version=&#8221;4.27.0&#8243; _module_preset=&#8221;3fbb3a66-a12a-488f-b3f8-84c073b7e268&#8243; background_color=&#8221;#FFFFFF&#8221; border_color_bottom=&#8221;#0093D0&#8243; global_colors_info=&#8221;{}&#8221;][et_pb_row _builder_version=&#8221;4.27.0&#8243; _module_preset=&#8221;default&#8221; global_colors_info=&#8221;{}&#8221;][et_pb_column type=&#8221;4_4&#8243; _builder_version=&#8221;4.27.0&#8243; _module_preset=&#8221;default&#8221; global_colors_info=&#8221;{}&#8221;][et_pb_text _builder_version=&#8221;4.27.0&#8243; _module_preset=&#8221;default&#8221; custom_css_free_form=&#8221;.et_pb_text ul {padding-top: 0px;}&#8221; global_colors_info=&#8221;{}&#8221;]<\/p>\n<p>Esta pol\u00edtica de privacidad rige la manera en que <strong>Canola Council of Canada<\/strong> (Consejo Canadiense de Canola) recopila, utiliza, mantiene y divulga la informaci\u00f3n obtenida de los usuarios (cada uno, un \u00abUsuario\u00bb) del sitio web<span> <strong><a href=\"https:\/\/canolainfo.org\">canolainfo.org<\/a><\/strong><\/span> (\u00abSitio\u00bb). Esta pol\u00edtica de privacidad se aplica al Sitio y a todos los productos y servicios ofrecidos por <strong>Canola Council of Canada<\/strong> (Consejo Canadiense de Canola).<\/p>\n<h2>Informaci\u00f3n de identificaci\u00f3n personal<\/h2>\n<p>Podemos recopilar informaci\u00f3n de identificaci\u00f3n personal de los Usuarios de diversas maneras, entre otras, cuando los usuarios visitan nuestro sitio, rellenan un formulario y en relaci\u00f3n con otras actividades, servicios, funciones o recursos que ponemos a su disposici\u00f3n en nuestro Sitio. Es posible que se solicite a los usuarios, seg\u00fan proceda, su nombre, direcci\u00f3n de correo electr\u00f3nico, direcci\u00f3n postal y n\u00famero de tel\u00e9fono. No obstante, los usuarios pueden visitar nuestro sitio de forma an\u00f3nima. S\u00f3lo recopilaremos informaci\u00f3n de identificaci\u00f3n personal de los usuarios si \u00e9stos nos la facilitan voluntariamente. Los usuarios siempre pueden negarse a suministrar informaci\u00f3n de identificaci\u00f3n personal, salvo que ello les impida participar en determinadas actividades relacionadas con el Sitio.<\/p>\n<h2>Informaci\u00f3n de identificaci\u00f3n no personal<\/h2>\n<p>Podemos recopilar informaci\u00f3n de identificaci\u00f3n no personal sobre los usuarios siempre que interact\u00faen con nuestro Sitio. La informaci\u00f3n de identificaci\u00f3n no personal puede incluir el nombre del navegador, el tipo de ordenador e informaci\u00f3n t\u00e9cnica sobre los medios de conexi\u00f3n de los usuarios a nuestro Sitio, como el sistema operativo y los proveedores de servicios de Internet utilizados y otra informaci\u00f3n similar.<\/p>\n<h2>Cookies del navegador web<\/h2>\n<p>Nuestro Sitio puede utilizar \u00abcookies\u00bb para mejorar la experiencia del usuario. El navegador web del usuario coloca cookies en su disco duro con fines de registro y, a veces, para rastrear informaci\u00f3n sobre \u00e9l. El usuario puede optar por configurar su navegador para que rechace las cookies o para que le avise cuando se env\u00eden cookies. Si lo hace, tenga en cuenta que algunas partes del Sitio pueden no funcionar correctamente.<\/p>\n<h2>C\u00f3mo utilizamos la informaci\u00f3n recopilada<\/h2>\n<p><strong>Canola Council of Canad<\/strong>a (Consejo Canadiense de Canola) puede recopilar y utilizar la informaci\u00f3n personal de los usuarios para los siguientes fines:<\/p>\n<ul>\n<li>Para mejorar el servicio al cliente, la informaci\u00f3n que usted proporciona nos ayuda a responder a sus solicitudes de servicio y las necesidades de apoyo de manera m\u00e1s eficiente.<\/li>\n<li>Para enviar correos electr\u00f3nicos peri\u00f3dicos.<\/li>\n<li>Podemos utilizar la direcci\u00f3n de correo electr\u00f3nico para enviar al <br \/>Usuario informaci\u00f3n y actualizaciones relativas a su pedido. Tambi\u00e9n puede utilizarse para responder a sus consultas, preguntas y\/u otras solicitudes.<\/li>\n<\/ul>\n<h2>C\u00f3mo protegemos su informaci\u00f3n<\/h2>\n<p>Adoptamos pr\u00e1cticas adecuadas de recopilaci\u00f3n, almacenamiento y procesamiento de datos, as\u00ed como medidas de seguridad para proteger contra el acceso no autorizado, la alteraci\u00f3n, divulgaci\u00f3n o destrucci\u00f3n de su informaci\u00f3n personal, nombre de usuario, contrase\u00f1a, informaci\u00f3n de transacciones y datos almacenados en nuestro Sitio.<\/p>\n<h2>Compartir su informaci\u00f3n personal<\/h2>\n<p>No vendemos, commercializamos ni alquilamos la informaci\u00f3n de identificaci\u00f3n personal de los usuarios a terceros. Podemos compartir informaci\u00f3n demogr\u00e1fica agregada gen\u00e9rica, no vinculada a ninguna informaci\u00f3n de identificaci\u00f3n personal relativa a visitantes y usuarios con nuestros socios comerciales, afiliados de confianza y anunciantes, para los fines arriba indicados.<\/p>\n<p>Podemos recopilar datos personales a trav\u00e9s de integraciones con Meta Platforms, Inc. (Facebook e Instagram), como informaci\u00f3n de perfiles p\u00fablicos o interacciones con nuestro contenido en estas plataformas. Estos datos pueden transferirse y procesarse fuera de Canad\u00e1, por ejemplo, almacenarse o gestionarse en servidores de Meta ubicados en Estados Unidos. Aplicamos medidas de seguridad contractuales y t\u00e9cnicas para proteger sus datos durante estas transferencias, de conformidad con los T\u00e9rminos de la plataforma de Meta (incluido el T\u00e9rmino 10C de la plataforma) y las leyes de privacidad canadienses aplicables, como la Ley de Protecci\u00f3n de Datos Personales y Documentos Electr\u00f3nicos (PIPEDA).<\/p>\n<h2>Sitios web de terceros<\/h2>\n<p>Los usuarios pueden encontrar publicidad u otros contenidos en nuestro Sitio que enlazan con los sitios y servicios de nuestros socios, proveedores, anunciantes, patrocinadores, licenciantes y otros terceros. No controlamos el contenido ni los enlaces que aparecen en estos sitios y no somos responsables de las pr\u00e1cticas empleadas por los sitios web enlazados a o desde nuestro Sitio. Adem\u00e1s, estos sitios o servicios, incluidos sus contenidos y enlaces, pueden cambiar constantemente. Estos sitios y servicios pueden tener sus propias pol\u00edticas de privacidad y de atenci\u00f3n al cliente. La navegaci\u00f3n y la interacci\u00f3n en cualquier otro sitio web, incluidos los sitios web que tienen un enlace a nuestro Sitio, est\u00e1n sujetas a los propios t\u00e9rminos y pol\u00edticas de ese sitio web.<\/p>\n<h2>Cookies de terceros proveedores y seguimiento<\/h2>\n<p>Utilizamos los servicios de otras empresas para optimizar este sitio web y nuestros servicios. Recibir\u00e1 una visi\u00f3n general de los servicios que utilizamos en la(s) siguiente(s) secci\u00f3n(es).<\/p>\n<h3>Google Analytics<\/h3>\n<p>Este sitio web utiliza Google Analytics, un servicio anal\u00edtico de web prestado por Google, Inc. Google Analytics utiliza cookies -archivos de texto almacenados en su ordenador &#8211; para ayudar al website a analizar el uso que hacen los usuarios del sitio web. La informaci\u00f3n que genera la cookie acerca de su uso del website (incluyendo su direcci\u00f3n IP) ser\u00e1 directamente transmitida y archivada por Google en los servidores de Estados Unidos. Google usar\u00e1 esta informaci\u00f3n con el prop\u00f3sito de seguir la pista de su uso del website, recopilando informes de la actividad del website y prestando otros servicios relacionados con la actividad del website y el uso de Internet al operador del website. Su direcci\u00f3n IP, transmitida por Google Analytics, no se asociar\u00e1 a ning\u00fan otro dato del que disponga Google. Usted puede rechazar el uso de cookies seleccionando la configuraci\u00f3n apropiada en su navegador. Sin embargo, tenga en cuenta que, si lo hace, es posible que no pueda utilizar todas las funciones de este sitio web. Adem\u00e1s, puede impedir que Google recopile y analice los datos generados por las cookies sobre su uso del sitio web (incluida su direcci\u00f3n IP) haciendo clic aqu\u00ed o descargando e instalando el complemento del navegador disponible aqu\u00ed http:\/\/tools.google.com\/dlpage\/gaoptout?hl=es.<\/p>\n<p>Si visita este sitio web utilizando un dispositivo m\u00f3vil (por ejemplo, un smartphone o una tableta), puede rechazar el uso futuro de Google Analytics a trav\u00e9s de este enlace. Al activar el enlace, colocaremos una cookie en su navegador, que nos indica que debemos impedir que Google Analytics utilice su dispositivo. Tenga en cuenta que tendr\u00e1 que repetir el proceso de rechazo si elimina las cookies de su navegador.<\/p>\n<h2>Cambios en esta pol\u00edtica de privacidad<\/h2>\n<p><strong>Canola Council of Canada <\/strong>(Consejo Canadiense de Canola) tiene la facultad de actualizar esta pol\u00edtica de privacidad en cualquier momento. Cuando lo hagamos, actualizaremos la fecha en la parte inferior de esta p\u00e1gina. Recomendamos a los usuarios que consulten con frecuencia esta p\u00e1gina para comprobar si se han producido cambios y as\u00ed mantenerse informados sobre c\u00f3mo contribuimos a proteger la informaci\u00f3n personal que recopilamos. Usted reconoce y acepta que es su responsabilidad revisar esta pol\u00edtica de privacidad peri\u00f3dicamente y estar al tanto de las modificaciones.<\/p>\n<h3>Aceptaci\u00f3n de estas condiciones<\/h3>\n<p>El uso de este sitio implica la aceptaci\u00f3n de esta pol\u00edtica y de las condiciones del servicio. Si no est\u00e1 de acuerdo con esta pol\u00edtica, no utilice nuestro Sitio. Su uso continuado del Sitio tras la publicaci\u00f3n de cambios en esta pol\u00edtica se considerar\u00e1 su aceptaci\u00f3n de dichos cambios.<\/p>\n<h3>C\u00f3mo ponerse en contacto con nosotros<\/h3>\n<p>Si tiene alguna pregunta sobre esta pol\u00edtica de privacidad, las pr\u00e1cticas de este sitio o su relaci\u00f3ne con este sitio, p\u00f3ngase en contacto con nosotros en:<\/p>\n<p><strong>NOMBRE DE LA EMPRESA: Canola Council of Canada (Consejo Canadiense de Canola)<br \/>DATOS DE CONTACTO: <a href=\"mailto:fyi@canolainfo.org\">fyi@canolainfo.org<\/a><\/strong><br \/><strong>URL DEL SITIO WEB: <a href=\"http:\/\/www.canolainfo.org\">canolainfo.org<\/a><\/strong><br \/>Este documento se actualiz\u00f3 por \u00faltima vez el <strong>25 de agosto de 2025<\/strong><\/p>\n<p>[\/et_pb_text][\/et_pb_column][\/et_pb_row][\/et_pb_section]<\/p>\n","protected":false},"excerpt":{"rendered":"<p>Pol\u00edtica de privacidadEsta pol\u00edtica de privacidad rige la manera en que Canola Council of Canada (Consejo Canadiense de Canola) recopila, utiliza, mantiene y divulga la informaci\u00f3n obtenida de los usuarios (cada uno, un \u00abUsuario\u00bb) del sitio web canolainfo.org (\u00abSitio\u00bb). Esta pol\u00edtica de privacidad se aplica al Sitio y a todos los productos y servicios ofrecidos [&hellip;]<\/p>\n","protected":false},"author":1,"featured_media":0,"parent":0,"menu_order":0,"comment_status":"closed","ping_status":"open","template":"","meta":{"_acf_changed":false,"_et_pb_use_builder":"on","_et_pb_old_content":"","_et_gb_content_width":"","_searchwp_excluded":"","footnotes":""},"class_list":["post-229836","page","type-page","status-publish","hentry"],"acf":[],"yoast_head":"<!-- This site is optimized with the Yoast SEO plugin v27.3 - https:\/\/yoast.com\/product\/yoast-seo-wordpress\/ -->\n<title>Pol\u00edtica de privacidad - CanolaInfo<\/title>\n<meta name=\"description\" content=\"El aceite de canola se utiliza en cocinas y productos de todo el mundo. Obt\u00e9n m\u00e1s informaci\u00f3n sobre el saludable aceite de canola.\" \/>\n<meta name=\"robots\" content=\"index, follow, max-snippet:-1, max-image-preview:large, max-video-preview:-1\" \/>\n<link rel=\"canonical\" href=\"https:\/\/canolainfo.org\/es\/politica-de-privacidad\/\" \/>\n<meta property=\"og:locale\" content=\"es_ES\" \/>\n<meta property=\"og:type\" content=\"article\" \/>\n<meta property=\"og:title\" content=\"Pol\u00edtica de privacidad - CanolaInfo\" \/>\n<meta property=\"og:description\" content=\"El aceite de canola se utiliza en cocinas y productos de todo el mundo. Obt\u00e9n m\u00e1s informaci\u00f3n sobre el saludable aceite de canola.\" \/>\n<meta property=\"og:site_name\" content=\"Canolainfo.org\" \/>\n<meta property=\"article:modified_time\" content=\"2025-09-22T12:45:04+00:00\" \/>\n<meta property=\"og:image\" content=\"https:\/\/canolainfo.org\/wp-content\/uploads\/2025\/02\/6P_CCC_CanolaInfo_Social_1200x675_v1.jpg\" \/>\n\t<meta property=\"og:image:width\" content=\"1200\" \/>\n\t<meta property=\"og:image:height\" content=\"675\" \/>\n\t<meta property=\"og:image:type\" content=\"image\/jpeg\" \/>\n<meta name=\"twitter:card\" content=\"summary_large_image\" \/>\n<meta name=\"twitter:label1\" content=\"Tiempo de lectura\" \/>\n\t<meta name=\"twitter:data1\" content=\"8 minutos\" \/>\n<script type=\"application\/ld+json\" class=\"yoast-schema-graph\">{\"@context\":\"https:\\\/\\\/schema.org\",\"@graph\":[{\"@type\":\"WebPage\",\"@id\":\"https:\\\/\\\/canolainfo.org\\\/es\\\/politica-de-privacidad\\\/\",\"url\":\"https:\\\/\\\/canolainfo.org\\\/es\\\/politica-de-privacidad\\\/\",\"name\":\"Pol\u00edtica de privacidad - CanolaInfo\",\"isPartOf\":{\"@id\":\"https:\\\/\\\/canolainfo.org\\\/es\\\/#website\"},\"datePublished\":\"2024-08-13T15:10:08+00:00\",\"dateModified\":\"2025-09-22T12:45:04+00:00\",\"description\":\"El aceite de canola se utiliza en cocinas y productos de todo el mundo. Obt\u00e9n m\u00e1s informaci\u00f3n sobre el saludable aceite de canola.\",\"breadcrumb\":{\"@id\":\"https:\\\/\\\/canolainfo.org\\\/es\\\/politica-de-privacidad\\\/#breadcrumb\"},\"inLanguage\":\"es\",\"potentialAction\":[{\"@type\":\"ReadAction\",\"target\":[\"https:\\\/\\\/canolainfo.org\\\/es\\\/politica-de-privacidad\\\/\"]}]},{\"@type\":\"BreadcrumbList\",\"@id\":\"https:\\\/\\\/canolainfo.org\\\/es\\\/politica-de-privacidad\\\/#breadcrumb\",\"itemListElement\":[{\"@type\":\"ListItem\",\"position\":1,\"name\":\"Home\",\"item\":\"https:\\\/\\\/canolainfo.org\\\/es\\\/\"},{\"@type\":\"ListItem\",\"position\":2,\"name\":\"Pol\u00edtica de privacidad\"}]},{\"@type\":\"WebSite\",\"@id\":\"https:\\\/\\\/canolainfo.org\\\/es\\\/#website\",\"url\":\"https:\\\/\\\/canolainfo.org\\\/es\\\/\",\"name\":\"Canola Info\",\"description\":\"Canola Oil. Good for Every Body!\",\"publisher\":{\"@id\":\"https:\\\/\\\/canolainfo.org\\\/es\\\/#organization\"},\"potentialAction\":[{\"@type\":\"SearchAction\",\"target\":{\"@type\":\"EntryPoint\",\"urlTemplate\":\"https:\\\/\\\/canolainfo.org\\\/es\\\/?s={search_term_string}\"},\"query-input\":{\"@type\":\"PropertyValueSpecification\",\"valueRequired\":true,\"valueName\":\"search_term_string\"}}],\"inLanguage\":\"es\"},{\"@type\":\"Organization\",\"@id\":\"https:\\\/\\\/canolainfo.org\\\/es\\\/#organization\",\"name\":\"Canola Info\",\"url\":\"https:\\\/\\\/canolainfo.org\\\/es\\\/\",\"logo\":{\"@type\":\"ImageObject\",\"inLanguage\":\"es\",\"@id\":\"https:\\\/\\\/canolainfo.org\\\/es\\\/#\\\/schema\\\/logo\\\/image\\\/\",\"url\":\"https:\\\/\\\/canolainfo.org\\\/wp-content\\\/uploads\\\/2024\\\/08\\\/cropped-CCCInfo_Favicon_256x256.png\",\"contentUrl\":\"https:\\\/\\\/canolainfo.org\\\/wp-content\\\/uploads\\\/2024\\\/08\\\/cropped-CCCInfo_Favicon_256x256.png\",\"width\":512,\"height\":512,\"caption\":\"Canola Info\"},\"image\":{\"@id\":\"https:\\\/\\\/canolainfo.org\\\/es\\\/#\\\/schema\\\/logo\\\/image\\\/\"}}]}<\/script>\n<!-- \/ Yoast SEO plugin. -->","yoast_head_json":{"title":"Pol\u00edtica de privacidad - CanolaInfo","description":"El aceite de canola se utiliza en cocinas y productos de todo el mundo. Obt\u00e9n m\u00e1s informaci\u00f3n sobre el saludable aceite de canola.","robots":{"index":"index","follow":"follow","max-snippet":"max-snippet:-1","max-image-preview":"max-image-preview:large","max-video-preview":"max-video-preview:-1"},"canonical":"https:\/\/canolainfo.org\/es\/politica-de-privacidad\/","og_locale":"es_ES","og_type":"article","og_title":"Pol\u00edtica de privacidad - CanolaInfo","og_description":"El aceite de canola se utiliza en cocinas y productos de todo el mundo. Obt\u00e9n m\u00e1s informaci\u00f3n sobre el saludable aceite de canola.","og_site_name":"Canolainfo.org","article_modified_time":"2025-09-22T12:45:04+00:00","og_image":[{"width":1200,"height":675,"url":"https:\/\/canolainfo.org\/wp-content\/uploads\/2025\/02\/6P_CCC_CanolaInfo_Social_1200x675_v1.jpg","type":"image\/jpeg"}],"twitter_card":"summary_large_image","twitter_misc":{"Tiempo de lectura":"8 minutos"},"schema":{"@context":"https:\/\/schema.org","@graph":[{"@type":"WebPage","@id":"https:\/\/canolainfo.org\/es\/politica-de-privacidad\/","url":"https:\/\/canolainfo.org\/es\/politica-de-privacidad\/","name":"Pol\u00edtica de privacidad - CanolaInfo","isPartOf":{"@id":"https:\/\/canolainfo.org\/es\/#website"},"datePublished":"2024-08-13T15:10:08+00:00","dateModified":"2025-09-22T12:45:04+00:00","description":"El aceite de canola se utiliza en cocinas y productos de todo el mundo. Obt\u00e9n m\u00e1s informaci\u00f3n sobre el saludable aceite de canola.","breadcrumb":{"@id":"https:\/\/canolainfo.org\/es\/politica-de-privacidad\/#breadcrumb"},"inLanguage":"es","potentialAction":[{"@type":"ReadAction","target":["https:\/\/canolainfo.org\/es\/politica-de-privacidad\/"]}]},{"@type":"BreadcrumbList","@id":"https:\/\/canolainfo.org\/es\/politica-de-privacidad\/#breadcrumb","itemListElement":[{"@type":"ListItem","position":1,"name":"Home","item":"https:\/\/canolainfo.org\/es\/"},{"@type":"ListItem","position":2,"name":"Pol\u00edtica de privacidad"}]},{"@type":"WebSite","@id":"https:\/\/canolainfo.org\/es\/#website","url":"https:\/\/canolainfo.org\/es\/","name":"Canola Info","description":"Canola Oil. Good for Every Body!","publisher":{"@id":"https:\/\/canolainfo.org\/es\/#organization"},"potentialAction":[{"@type":"SearchAction","target":{"@type":"EntryPoint","urlTemplate":"https:\/\/canolainfo.org\/es\/?s={search_term_string}"},"query-input":{"@type":"PropertyValueSpecification","valueRequired":true,"valueName":"search_term_string"}}],"inLanguage":"es"},{"@type":"Organization","@id":"https:\/\/canolainfo.org\/es\/#organization","name":"Canola Info","url":"https:\/\/canolainfo.org\/es\/","logo":{"@type":"ImageObject","inLanguage":"es","@id":"https:\/\/canolainfo.org\/es\/#\/schema\/logo\/image\/","url":"https:\/\/canolainfo.org\/wp-content\/uploads\/2024\/08\/cropped-CCCInfo_Favicon_256x256.png","contentUrl":"https:\/\/canolainfo.org\/wp-content\/uploads\/2024\/08\/cropped-CCCInfo_Favicon_256x256.png","width":512,"height":512,"caption":"Canola Info"},"image":{"@id":"https:\/\/canolainfo.org\/es\/#\/schema\/logo\/image\/"}}]}},"_links":{"self":[{"href":"https:\/\/canolainfo.org\/es\/wp-json\/wp\/v2\/pages\/229836","targetHints":{"allow":["GET"]}}],"collection":[{"href":"https:\/\/canolainfo.org\/es\/wp-json\/wp\/v2\/pages"}],"about":[{"href":"https:\/\/canolainfo.org\/es\/wp-json\/wp\/v2\/types\/page"}],"author":[{"embeddable":true,"href":"https:\/\/canolainfo.org\/es\/wp-json\/wp\/v2\/users\/1"}],"replies":[{"embeddable":true,"href":"https:\/\/canolainfo.org\/es\/wp-json\/wp\/v2\/comments?post=229836"}],"version-history":[{"count":5,"href":"https:\/\/canolainfo.org\/es\/wp-json\/wp\/v2\/pages\/229836\/revisions"}],"predecessor-version":[{"id":230476,"href":"https:\/\/canolainfo.org\/es\/wp-json\/wp\/v2\/pages\/229836\/revisions\/230476"}],"wp:attachment":[{"href":"https:\/\/canolainfo.org\/es\/wp-json\/wp\/v2\/media?parent=229836"}],"curies":[{"name":"wp","href":"https:\/\/api.w.org\/{rel}","templated":true}]}}